{"id":678,"date":"2024-08-09T16:50:37","date_gmt":"2024-08-09T15:50:37","guid":{"rendered":"https:\/\/sf-a.org\/?page_id=678"},"modified":"2024-08-09T16:50:37","modified_gmt":"2024-08-09T15:50:37","slug":"season-3-registration","status":"publish","type":"page","link":"https:\/\/sf-a.org\/index.php\/season-3-registration\/","title":{"rendered":"season 3 registration"},"content":{"rendered":"\n<figure class=\"wp-block-image size-large\"><img loading=\"lazy\" decoding=\"async\" width=\"1024\" height=\"1024\" src=\"http:\/\/sf-a.org\/wp-content\/uploads\/2024\/08\/SFa_3_registration-1024x1024.webp\" alt=\"\" class=\"wp-image-650\" srcset=\"https:\/\/sf-a.org\/wp-content\/uploads\/2024\/08\/SFa_3_registration-1024x1024.webp 1024w, https:\/\/sf-a.org\/wp-content\/uploads\/2024\/08\/SFa_3_registration-300x300.webp 300w, https:\/\/sf-a.org\/wp-content\/uploads\/2024\/08\/SFa_3_registration-150x150.webp 150w, https:\/\/sf-a.org\/wp-content\/uploads\/2024\/08\/SFa_3_registration-768x768.webp 768w, https:\/\/sf-a.org\/wp-content\/uploads\/2024\/08\/SFa_3_registration-640x640.webp 640w, https:\/\/sf-a.org\/wp-content\/uploads\/2024\/08\/SFa_3_registration-560x560.webp 560w, https:\/\/sf-a.org\/wp-content\/uploads\/2024\/08\/SFa_3_registration-100x100.webp 100w, https:\/\/sf-a.org\/wp-content\/uploads\/2024\/08\/SFa_3_registration-50x50.webp 50w, https:\/\/sf-a.org\/wp-content\/uploads\/2024\/08\/SFa_3_registration.webp 1080w\" sizes=\"auto, (max-width: 1024px) 100vw, 1024px\" \/><\/figure>\n\n\n\n<p>\u2795Student or Graduate, Architect or Artist, Philologist or Philosopher, or simply passionate about film, architecture and illustration, you are welcome to the SF(a)3 workshop.<br>\u2716\ufe0farchitecture, cinematography and illustration workshop<br>with Nely V\u00een\u0103u [moviebuff] Tiberiu Teodor-Stanciu [graphic design guru] &amp; R\u0103zvan Nica [some kind of architect] and guests Dan Perjovschi, Dana Vais, Viola Ruhse, Anca Horvath, Emanuela Ilie, Matei Bejenaru, Radu Cucuteanu, Silviu Teodor- Stanciu, Cristina Tudora, Gabriel Tudora, Adrian Mironescu, Ramona Costea<\/p>\n\n\n\n<div class=\"wp-block-columns is-layout-flex wp-container-core-columns-is-layout-28f84493 wp-block-columns-is-layout-flex\">\n<div class=\"wp-block-column is-layout-flow wp-block-column-is-layout-flow\">\n<figure class=\"wp-block-image size-large\"><img loading=\"lazy\" decoding=\"async\" width=\"724\" height=\"1024\" src=\"http:\/\/sf-a.org\/wp-content\/uploads\/2024\/06\/SFA_Poster_2024_site_1-3-724x1024.webp\" alt=\"\" class=\"wp-image-574\" srcset=\"https:\/\/sf-a.org\/wp-content\/uploads\/2024\/06\/SFA_Poster_2024_site_1-3-724x1024.webp 724w, https:\/\/sf-a.org\/wp-content\/uploads\/2024\/06\/SFA_Poster_2024_site_1-3-212x300.webp 212w, https:\/\/sf-a.org\/wp-content\/uploads\/2024\/06\/SFA_Poster_2024_site_1-3-768x1086.webp 768w, https:\/\/sf-a.org\/wp-content\/uploads\/2024\/06\/SFA_Poster_2024_site_1-3-1086x1536.webp 1086w, https:\/\/sf-a.org\/wp-content\/uploads\/2024\/06\/SFA_Poster_2024_site_1-3-1448x2048.webp 1448w, https:\/\/sf-a.org\/wp-content\/uploads\/2024\/06\/SFA_Poster_2024_site_1-3-scaled.webp 1810w\" sizes=\"auto, (max-width: 724px) 100vw, 724px\" \/><\/figure>\n<\/div>\n\n\n\n<div class=\"wp-block-column is-layout-flow wp-block-column-is-layout-flow\">\n<figure class=\"wp-block-image size-large\"><img loading=\"lazy\" decoding=\"async\" width=\"724\" height=\"1024\" src=\"http:\/\/sf-a.org\/wp-content\/uploads\/2024\/06\/SFA_Poster_2024_site_2-724x1024.webp\" alt=\"\" class=\"wp-image-573\" srcset=\"https:\/\/sf-a.org\/wp-content\/uploads\/2024\/06\/SFA_Poster_2024_site_2-724x1024.webp 724w, https:\/\/sf-a.org\/wp-content\/uploads\/2024\/06\/SFA_Poster_2024_site_2-212x300.webp 212w, https:\/\/sf-a.org\/wp-content\/uploads\/2024\/06\/SFA_Poster_2024_site_2-768x1086.webp 768w, https:\/\/sf-a.org\/wp-content\/uploads\/2024\/06\/SFA_Poster_2024_site_2-1086x1536.webp 1086w, https:\/\/sf-a.org\/wp-content\/uploads\/2024\/06\/SFA_Poster_2024_site_2-1448x2048.webp 1448w, https:\/\/sf-a.org\/wp-content\/uploads\/2024\/06\/SFA_Poster_2024_site_2-scaled.webp 1810w\" sizes=\"auto, (max-width: 724px) 100vw, 724px\" \/><\/figure>\n<\/div>\n<\/div>\n\n\n\n<p><br>\u2795 together<br>SF(a) Workshop: Society. Movie. Architecture celebrates, in all its dimensions, the idea of \u200b\u200b\u201dtogether\u201d. Students, teachers, architects, designers, artists, engineers, photographers view, discover, discuss, argue, learn, work, debate, evaluate, augment and enhance together a sensitive and personal universe whose only access is film.<br>\u2795 Registrations: June 17 and 24<\/p>\n\n\n\n<p>at nely-andreea.vinau@academic.tuiasi.ro<\/p>\n\n\n\n<p>or scan the QR code<\/p>\n\n\n\n<figure class=\"wp-block-image\"><img loading=\"lazy\" decoding=\"async\" width=\"300\" height=\"300\" src=\"https:\/\/sf-a.org\/wp-content\/uploads\/2024\/06\/frame.png\" alt=\"\" class=\"wp-image-572\" srcset=\"https:\/\/sf-a.org\/wp-content\/uploads\/2024\/06\/frame.png 300w, https:\/\/sf-a.org\/wp-content\/uploads\/2024\/06\/frame-150x150.png 150w, https:\/\/sf-a.org\/wp-content\/uploads\/2024\/06\/frame-100x100.png 100w, https:\/\/sf-a.org\/wp-content\/uploads\/2024\/06\/frame-50x50.png 50w\" sizes=\"auto, (max-width: 300px) 100vw, 300px\" \/><\/figure>\n\n\n\n<p>\u2795Organized by OAR Ia\u0219i and the ALT+A Association and financed by OAR, from the Architecture Stamp<\/p>\n\n\n\n<p>\u2795&nbsp;<a href=\"https:\/\/www.instagram.com\/sfa.society.film.architecture\/\">SF(a)<\/a>&nbsp;on instagram<\/p>\n\n\n\n<p>\u2795&nbsp;<a href=\"https:\/\/www.instagram.com\/asociatia.alt.plus.a\/\">ALT+A<\/a>&nbsp;on instagram<\/p>\n\n\n\n<p>\u2795&nbsp;<a href=\"https:\/\/www.facebook.com\/profile.php?id=61559602538439\">ALT+A<\/a>&nbsp;on Facebook<\/p>\n","protected":false},"excerpt":{"rendered":"<p>\u2795Student or Graduate, Architect or Artist, Philologist or Philosopher, or simply passionate about film, architecture and illustration, you are welcome to the SF(a)3 workshop.\u2716\ufe0farchitecture, cinematography and illustration workshopwith Nely V\u00een\u0103u [moviebuff] Tiberiu Teodor-Stanciu [graphic design guru] &amp; R\u0103zvan Nica [some kind of architect] and guests Dan Perjovschi, Dana Vais, Viola Ruhse, Anca Horvath, Emanuela Ilie, [&hellip;]<\/p>\n","protected":false},"author":1,"featured_media":0,"parent":0,"menu_order":0,"comment_status":"closed","ping_status":"closed","template":"","meta":{"footnotes":""},"class_list":["post-678","page","type-page","status-publish","hentry"],"blocksy_meta":[],"_links":{"self":[{"href":"https:\/\/sf-a.org\/index.php\/wp-json\/wp\/v2\/pages\/678","targetHints":{"allow":["GET"]}}],"collection":[{"href":"https:\/\/sf-a.org\/index.php\/wp-json\/wp\/v2\/pages"}],"about":[{"href":"https:\/\/sf-a.org\/index.php\/wp-json\/wp\/v2\/types\/page"}],"author":[{"embeddable":true,"href":"https:\/\/sf-a.org\/index.php\/wp-json\/wp\/v2\/users\/1"}],"replies":[{"embeddable":true,"href":"https:\/\/sf-a.org\/index.php\/wp-json\/wp\/v2\/comments?post=678"}],"version-history":[{"count":1,"href":"https:\/\/sf-a.org\/index.php\/wp-json\/wp\/v2\/pages\/678\/revisions"}],"predecessor-version":[{"id":679,"href":"https:\/\/sf-a.org\/index.php\/wp-json\/wp\/v2\/pages\/678\/revisions\/679"}],"wp:attachment":[{"href":"https:\/\/sf-a.org\/index.php\/wp-json\/wp\/v2\/media?parent=678"}],"curies":[{"name":"wp","href":"https:\/\/api.w.org\/{rel}","templated":true}]}}