{"id":676,"date":"2024-08-09T16:47:42","date_gmt":"2024-08-09T15:47:42","guid":{"rendered":"https:\/\/sf-a.org\/?page_id=676"},"modified":"2025-08-29T15:52:18","modified_gmt":"2025-08-29T14:52:18","slug":"sfa-events-media","status":"publish","type":"page","link":"https:\/\/sf-a.org\/index.php\/sfa-events-media\/","title":{"rendered":"Events &amp; Media"},"content":{"rendered":"\n<p>The SF(a) workshop embraces the concept of &#8220;together&#8221; in all its facets, therefore acknowledging the importance of collective unity. In the realm of cinema, individuals from many disciplines, including students, tutors, architects, designers, artists, engineers, and photographers, engage in a collective exploration, analysis, and exchange of ideas. Within this shared space, they engage in activities such as viewing, discovering, discussing, arguing, learning, working, debating, and evaluating, as well as augmenting and enhancing their understanding of a subjective and intimate reality.<\/p>\n\n\n\n<div class=\"wp-block-media-text is-stacked-on-mobile is-vertically-aligned-top\"><figure class=\"wp-block-media-text__media\"><img loading=\"lazy\" decoding=\"async\" width=\"1024\" height=\"768\" src=\"https:\/\/sf-a.org\/wp-content\/uploads\/2025\/08\/sfa_3_fablab-1024x768.webp\" alt=\"\" class=\"wp-image-989 size-full\" srcset=\"https:\/\/sf-a.org\/wp-content\/uploads\/2025\/08\/sfa_3_fablab-1024x768.webp 1024w, https:\/\/sf-a.org\/wp-content\/uploads\/2025\/08\/sfa_3_fablab-300x225.webp 300w, https:\/\/sf-a.org\/wp-content\/uploads\/2025\/08\/sfa_3_fablab-768x576.webp 768w, https:\/\/sf-a.org\/wp-content\/uploads\/2025\/08\/sfa_3_fablab-1536x1152.webp 1536w, https:\/\/sf-a.org\/wp-content\/uploads\/2025\/08\/sfa_3_fablab-2048x1536.webp 2048w\" sizes=\"auto, (max-width: 1024px) 100vw, 1024px\" \/><\/figure><div class=\"wp-block-media-text__content\">\n<p><strong>Exhibition \u2013 SF(a) Season 3 at<a href=\"https:\/\/www.instagram.com\/reel\/DKezwU1op8l\/?utm_source=ig_web_copy_link&amp;igsh=MzRlODBiNWFlZA==\"> FABLAB Ia\u0219i<\/a><\/strong><br>On\u00a0<strong>4 June 2024<\/strong>, the exhibition\u00a0<em>SF(a) \u2013 Society. Film. Architecture, Season 3: A Clockwork Orange &amp; Brutalism<\/em>\u00a0was installed at the\u00a0<strong>FABLAB Ia\u0219i events space<\/strong>. The exhibition showcases the creative outcomes of the third edition of the workshop, including alternative posters and literary\/film reviews inspired by dystopian cinema and brutalist architecture.<\/p>\n\n\n\n<p>Hosted in partnership with&nbsp;<strong>FABLAB Ia\u0219i<\/strong>, the exhibition will remain open to the public until&nbsp;<strong>summer 2025<\/strong>, offering students, professionals, and visitors the opportunity to explore the visual and critical reinterpretations produced during the workshop.<\/p>\n\n\n\n<p>Special thanks go to the entire FABLAB team for their support and collaboration.<\/p>\n<\/div><\/div>\n\n\n\n<div class=\"wp-block-media-text is-stacked-on-mobile is-vertically-aligned-top\"><figure class=\"wp-block-media-text__media\"><img loading=\"lazy\" decoding=\"async\" width=\"1024\" height=\"626\" src=\"https:\/\/sf-a.org\/wp-content\/uploads\/2025\/08\/sfa4_expo-1024x626.webp\" alt=\"\" class=\"wp-image-881 size-full\" srcset=\"https:\/\/sf-a.org\/wp-content\/uploads\/2025\/08\/sfa4_expo-1024x626.webp 1024w, https:\/\/sf-a.org\/wp-content\/uploads\/2025\/08\/sfa4_expo-300x183.webp 300w, https:\/\/sf-a.org\/wp-content\/uploads\/2025\/08\/sfa4_expo-768x469.webp 768w, https:\/\/sf-a.org\/wp-content\/uploads\/2025\/08\/sfa4_expo.webp 1080w\" sizes=\"auto, (max-width: 1024px) 100vw, 1024px\" \/><\/figure><div class=\"wp-block-media-text__content\">\n<p><strong>TVR Ia\u0219i<\/strong> \u2013 <a href=\"https:\/\/fb.watch\/A5hk4bOl3b\/?utm_source=chatgpt.com\">Television feature<\/a> presenting the project&nbsp;<em>SF(a) Society. Film. Architecture<\/em>, Season 4, including an overview of the initiative, participant testimonials, and footage from the exhibition and award ceremony.<\/p>\n\n\n\n<p>May 2025<\/p>\n<\/div><\/div>\n\n\n\n<div class=\"wp-block-media-text is-stacked-on-mobile is-vertically-aligned-top\"><figure class=\"wp-block-media-text__media\"><img loading=\"lazy\" decoding=\"async\" width=\"682\" height=\"1024\" src=\"https:\/\/sf-a.org\/wp-content\/uploads\/2025\/08\/Dodo-Visuals-106-682x1024.webp\" alt=\"\" class=\"wp-image-879 size-full\" srcset=\"https:\/\/sf-a.org\/wp-content\/uploads\/2025\/08\/Dodo-Visuals-106-682x1024.webp 682w, https:\/\/sf-a.org\/wp-content\/uploads\/2025\/08\/Dodo-Visuals-106-200x300.webp 200w, https:\/\/sf-a.org\/wp-content\/uploads\/2025\/08\/Dodo-Visuals-106-768x1153.webp 768w, https:\/\/sf-a.org\/wp-content\/uploads\/2025\/08\/Dodo-Visuals-106-1023x1536.webp 1023w, https:\/\/sf-a.org\/wp-content\/uploads\/2025\/08\/Dodo-Visuals-106.webp 1080w\" sizes=\"auto, (max-width: 682px) 100vw, 682px\" \/><\/figure><div class=\"wp-block-media-text__content\">\n<p><strong>Final Exhibition \u2013 SF(a) Season 4<\/strong><br>The concluding exhibition of&nbsp;<em>SF(a) Society. Film. Architecture<\/em>&nbsp;Season 4 took place&nbsp;at the&nbsp;<strong>\u201cG.M. Cantacuzino\u201d Faculty of Architecture in Ia\u0219i<\/strong>. The event brought together students, graduates, tutors, and invited lecturers to showcase the creative outcomes of the workshop:&nbsp;<strong>54 alternative posters and 11 literary &amp; film reviews<\/strong>inspired by&nbsp;<em>Blade Runner 2049<\/em>&nbsp;and the theme of Hypermodernism. The exhibition was accompanied by a round-table discussion with organisers and jury members, and culminated in the&nbsp;<strong>award ceremony<\/strong>, which recognised the most original and critical works. The closing event gathered a wide audience of participants, academics, practitioners, and members of the local community, celebrating the collaborative and interdisciplinary spirit of SF(a). (photo: Dodo Visuals)<\/p>\n\n\n\n<p>&nbsp;13 May 2025<\/p>\n<\/div><\/div>\n\n\n\n<div class=\"wp-block-media-text is-stacked-on-mobile\"><figure class=\"wp-block-media-text__media\"><img loading=\"lazy\" decoding=\"async\" width=\"1024\" height=\"768\" src=\"http:\/\/sf-a.org\/wp-content\/uploads\/2025\/08\/sfa_3_baiaturceasca-1024x768.webp\" alt=\"\" class=\"wp-image-923 size-full\" srcset=\"https:\/\/sf-a.org\/wp-content\/uploads\/2025\/08\/sfa_3_baiaturceasca-1024x768.webp 1024w, https:\/\/sf-a.org\/wp-content\/uploads\/2025\/08\/sfa_3_baiaturceasca-300x225.webp 300w, https:\/\/sf-a.org\/wp-content\/uploads\/2025\/08\/sfa_3_baiaturceasca-768x576.webp 768w, https:\/\/sf-a.org\/wp-content\/uploads\/2025\/08\/sfa_3_baiaturceasca.webp 1080w\" sizes=\"auto, (max-width: 1024px) 100vw, 1024px\" \/><\/figure><div class=\"wp-block-media-text__content\">\n<p><strong><a href=\"https:\/\/www.instagram.com\/reel\/DBeDzmAouH0\/?utm_source=ig_web_copy_link&amp;igsh=MzRlODBiNWFlZA==\">Itinerant Exhibition<\/a> \u2013 SF(a) Season 3<\/strong><br>On&nbsp;<strong>Wednesday, 23 October, at 14:00<\/strong>, the itinerant exhibition&nbsp;<em>SF(a) \u2013 Society. Film. Architecture, Season 3<\/em>&nbsp;will open at&nbsp;<strong>Baia Turceasc\u0103, Ia\u0219i<\/strong>. The event is part of&nbsp;<strong>MUST \u2013 Architects in the Community<\/strong>, co-organised by&nbsp;<strong>OAR Ia\u0219i<\/strong>.<\/p>\n<\/div><\/div>\n\n\n\n<div class=\"wp-block-media-text is-stacked-on-mobile\"><figure class=\"wp-block-media-text__media\"><img loading=\"lazy\" decoding=\"async\" width=\"1024\" height=\"683\" src=\"https:\/\/sf-a.org\/wp-content\/uploads\/2025\/08\/sfa3_cinema-arta-1024x683.webp\" alt=\"\" class=\"wp-image-937 size-full\" srcset=\"https:\/\/sf-a.org\/wp-content\/uploads\/2025\/08\/sfa3_cinema-arta-1024x683.webp 1024w, https:\/\/sf-a.org\/wp-content\/uploads\/2025\/08\/sfa3_cinema-arta-300x200.webp 300w, https:\/\/sf-a.org\/wp-content\/uploads\/2025\/08\/sfa3_cinema-arta-768x512.webp 768w, https:\/\/sf-a.org\/wp-content\/uploads\/2025\/08\/sfa3_cinema-arta-1536x1024.webp 1536w, https:\/\/sf-a.org\/wp-content\/uploads\/2025\/08\/sfa3_cinema-arta.webp 1620w\" sizes=\"auto, (max-width: 1024px) 100vw, 1024px\" \/><\/figure><div class=\"wp-block-media-text__content\">\n<p><strong><a href=\"https:\/\/www.instagram.com\/p\/DB0lFveIB5U\/?utm_source=ig_web_copy_link&amp;igsh=MzRlODBiNWFlZA==\">Itinerant Exhibition<\/a> \u2013 SF(a) Season 3 in Cluj-Napoca<\/strong><br>Between&nbsp;<strong>31 October and 2 November<\/strong>, the itinerant exhibition&nbsp;<em>SF(a) \u2013 Society. Film. Architecture, Season 3<\/em>&nbsp;will be hosted at&nbsp;<strong>Cinema Arta, Cluj-Napoca<\/strong>. The event is part of the national dissemination of the project\u2019s results, presenting alternative posters and literary\/film reviews inspired by dystopian cinema and Brutalist architecture.<\/p>\n<\/div><\/div>\n\n\n\n<div class=\"wp-block-media-text is-stacked-on-mobile\"><figure class=\"wp-block-media-text__media\"><img loading=\"lazy\" decoding=\"async\" width=\"1024\" height=\"1024\" src=\"http:\/\/sf-a.org\/wp-content\/uploads\/2024\/08\/alta_ziar-1024x1024.webp\" alt=\"\" class=\"wp-image-719 size-full\" srcset=\"https:\/\/sf-a.org\/wp-content\/uploads\/2024\/08\/alta_ziar-1024x1024.webp 1024w, https:\/\/sf-a.org\/wp-content\/uploads\/2024\/08\/alta_ziar-300x300.webp 300w, https:\/\/sf-a.org\/wp-content\/uploads\/2024\/08\/alta_ziar-150x150.webp 150w, https:\/\/sf-a.org\/wp-content\/uploads\/2024\/08\/alta_ziar-768x768.webp 768w, https:\/\/sf-a.org\/wp-content\/uploads\/2024\/08\/alta_ziar-640x640.webp 640w, https:\/\/sf-a.org\/wp-content\/uploads\/2024\/08\/alta_ziar-560x560.webp 560w, https:\/\/sf-a.org\/wp-content\/uploads\/2024\/08\/alta_ziar-100x100.webp 100w, https:\/\/sf-a.org\/wp-content\/uploads\/2024\/08\/alta_ziar-50x50.webp 50w, https:\/\/sf-a.org\/wp-content\/uploads\/2024\/08\/alta_ziar.webp 1080w\" sizes=\"auto, (max-width: 1024px) 100vw, 1024px\" \/><\/figure><div class=\"wp-block-media-text__content\">\n<p>_<\/p>\n\n\n\n<p><strong>Ziarul de Iasi: <\/strong>Article about the SF(a) Societate project. Film. Architecture season 3<\/p>\n\n\n\n<p>July 21, 2024<\/p>\n\n\n\n<p>_<\/p>\n<\/div><\/div>\n\n\n\n<div class=\"wp-block-media-text is-stacked-on-mobile\"><figure class=\"wp-block-media-text__media\"><img loading=\"lazy\" decoding=\"async\" width=\"1024\" height=\"1024\" src=\"http:\/\/sf-a.org\/wp-content\/uploads\/2024\/08\/alta_tvr-1024x1024.webp\" alt=\"\" class=\"wp-image-718 size-full\" srcset=\"https:\/\/sf-a.org\/wp-content\/uploads\/2024\/08\/alta_tvr-1024x1024.webp 1024w, https:\/\/sf-a.org\/wp-content\/uploads\/2024\/08\/alta_tvr-300x300.webp 300w, https:\/\/sf-a.org\/wp-content\/uploads\/2024\/08\/alta_tvr-150x150.webp 150w, https:\/\/sf-a.org\/wp-content\/uploads\/2024\/08\/alta_tvr-768x768.webp 768w, https:\/\/sf-a.org\/wp-content\/uploads\/2024\/08\/alta_tvr-640x640.webp 640w, https:\/\/sf-a.org\/wp-content\/uploads\/2024\/08\/alta_tvr-560x560.webp 560w, https:\/\/sf-a.org\/wp-content\/uploads\/2024\/08\/alta_tvr-100x100.webp 100w, https:\/\/sf-a.org\/wp-content\/uploads\/2024\/08\/alta_tvr-50x50.webp 50w, https:\/\/sf-a.org\/wp-content\/uploads\/2024\/08\/alta_tvr.webp 1080w\" sizes=\"auto, (max-width: 1024px) 100vw, 1024px\" \/><\/figure><div class=\"wp-block-media-text__content\">\n<p>_<\/p>\n\n\n\n<p><strong>TVR Ia\u0219i:<\/strong> <a href=\"https:\/\/www.youtube.com\/watch?v=utE5cOFimEw\">report <\/a>on the SF(a) Society project. Film. Architecture season 3 and guided tour by Dan Perjovschi<br>July 7, 2024<\/p>\n\n\n\n<p>_<\/p>\n<\/div><\/div>\n\n\n\n<div class=\"wp-block-media-text is-stacked-on-mobile\"><figure class=\"wp-block-media-text__media\"><img loading=\"lazy\" decoding=\"async\" width=\"1024\" height=\"1024\" src=\"http:\/\/sf-a.org\/wp-content\/uploads\/2024\/08\/alta_iasitv-1024x1024.webp\" alt=\"\" class=\"wp-image-716 size-full\" srcset=\"https:\/\/sf-a.org\/wp-content\/uploads\/2024\/08\/alta_iasitv-1024x1024.webp 1024w, https:\/\/sf-a.org\/wp-content\/uploads\/2024\/08\/alta_iasitv-300x300.webp 300w, https:\/\/sf-a.org\/wp-content\/uploads\/2024\/08\/alta_iasitv-150x150.webp 150w, https:\/\/sf-a.org\/wp-content\/uploads\/2024\/08\/alta_iasitv-768x768.webp 768w, https:\/\/sf-a.org\/wp-content\/uploads\/2024\/08\/alta_iasitv-640x640.webp 640w, https:\/\/sf-a.org\/wp-content\/uploads\/2024\/08\/alta_iasitv-560x560.webp 560w, https:\/\/sf-a.org\/wp-content\/uploads\/2024\/08\/alta_iasitv-100x100.webp 100w, https:\/\/sf-a.org\/wp-content\/uploads\/2024\/08\/alta_iasitv-50x50.webp 50w, https:\/\/sf-a.org\/wp-content\/uploads\/2024\/08\/alta_iasitv.webp 1080w\" sizes=\"auto, (max-width: 1024px) 100vw, 1024px\" \/><\/figure><div class=\"wp-block-media-text__content\">\n<p>_<\/p>\n\n\n\n<p><strong>Iasi TV Life<\/strong>:&nbsp;<a href=\"https:\/\/www.facebook.com\/watch\/?v=1122121098884178&amp;rdid=y0XPXT3vFYefGrlo\">A television feature<\/a> presenting the project&nbsp;<em>SF(a) Society. Film. Architecture<\/em>, Season 3, and the guided tour led by Dan Perjovschi (8 July 2024).<\/p>\n\n\n\n<p>8 iulie 2024<\/p>\n\n\n\n<p>_<\/p>\n<\/div><\/div>\n\n\n\n<div class=\"wp-block-media-text is-stacked-on-mobile\"><figure class=\"wp-block-media-text__media\"><img loading=\"lazy\" decoding=\"async\" width=\"1024\" height=\"1024\" src=\"http:\/\/sf-a.org\/wp-content\/uploads\/2024\/08\/alta_exposfa3-1024x1024.webp\" alt=\"\" class=\"wp-image-715 size-full\" srcset=\"https:\/\/sf-a.org\/wp-content\/uploads\/2024\/08\/alta_exposfa3-1024x1024.webp 1024w, https:\/\/sf-a.org\/wp-content\/uploads\/2024\/08\/alta_exposfa3-300x300.webp 300w, https:\/\/sf-a.org\/wp-content\/uploads\/2024\/08\/alta_exposfa3-150x150.webp 150w, https:\/\/sf-a.org\/wp-content\/uploads\/2024\/08\/alta_exposfa3-768x768.webp 768w, https:\/\/sf-a.org\/wp-content\/uploads\/2024\/08\/alta_exposfa3-640x640.webp 640w, https:\/\/sf-a.org\/wp-content\/uploads\/2024\/08\/alta_exposfa3-560x560.webp 560w, https:\/\/sf-a.org\/wp-content\/uploads\/2024\/08\/alta_exposfa3-100x100.webp 100w, https:\/\/sf-a.org\/wp-content\/uploads\/2024\/08\/alta_exposfa3-50x50.webp 50w, https:\/\/sf-a.org\/wp-content\/uploads\/2024\/08\/alta_exposfa3.webp 1080w\" sizes=\"auto, (max-width: 1024px) 100vw, 1024px\" \/><\/figure><div class=\"wp-block-media-text__content\">\n<p>_<\/p>\n\n\n\n<p><strong>Exhibition<\/strong> \u2013 SF(a) Society. Film. Architecture \u2013 A Clockwork Orange &amp; Brutalism (alternative posters and literary and film chronicles)<br>July 9, 2024 \u2013 Iasi YOUTH HUB by BCR<br>Organizers: ALT+A Association and the Order of Romanian Architects \u2013 Ia\u0219i Branch<\/p>\n\n\n\n<p>_<\/p>\n<\/div><\/div>\n\n\n\n<div class=\"wp-block-media-text is-stacked-on-mobile\"><figure class=\"wp-block-media-text__media\"><img loading=\"lazy\" decoding=\"async\" width=\"724\" height=\"1024\" src=\"http:\/\/sf-a.org\/wp-content\/uploads\/2023\/07\/SFA_Poster_2023_fablab-2-724x1024.webp\" alt=\"sf(a) society.film.architecture FABLAB iasi\" class=\"wp-image-463 size-full\" srcset=\"https:\/\/sf-a.org\/wp-content\/uploads\/2023\/07\/SFA_Poster_2023_fablab-2-724x1024.webp 724w, https:\/\/sf-a.org\/wp-content\/uploads\/2023\/07\/SFA_Poster_2023_fablab-2-212x300.webp 212w, https:\/\/sf-a.org\/wp-content\/uploads\/2023\/07\/SFA_Poster_2023_fablab-2-768x1086.webp 768w, https:\/\/sf-a.org\/wp-content\/uploads\/2023\/07\/SFA_Poster_2023_fablab-2.webp 1048w\" sizes=\"auto, (max-width: 724px) 100vw, 724px\" \/><\/figure><div class=\"wp-block-media-text__content\">\n<p>_<\/p>\n\n\n\n<p><strong>SF(a) at FABLAB.IASI<\/strong><\/p>\n\n\n\n<p>We thank the wonderful people at <a rel=\"noreferrer noopener\" href=\"https:\/\/l.facebook.com\/l.php?u=https%3A%2F%2Fwww.instagram.com%2F_u%2Ffablabiasi%3Ffbclid%3DIwAR3tBtAdqxL9mLvNLCAtXhAssYQazKtF2rUWIsjuVW1H-daRab68nz12sqc&amp;h=AT0nFTKJ0Psa4F5GDCGHI9UIn9m_vgDDeAT1eYcqh1ljcZo28DGG3Zo97kLrEpVAmg3NLJeluUSaKO1zyu6QnhfzgabzFSzMREDf9iDlohB813qsbjw00OMO9BvkZtCVlwPGNU7alG4zdqOYBuWJa_rQ7g&amp;__tn__=-UK-R&amp;c[0]=AT07Mi6JipG3v0-AMmBTwf9lbUHeioP0Fjl7mg_vSmZ5nGwnBrOV3qrStrPhOGJfpMrIMhCV5STEhCiDndUzDr68Ji2ZUWW5UmUqgBSx51_JoKREX6pykyqhnCBIpeIY3hXc21IIAhljbAKy1BD-PKXHH4admg9p_zG-698xl4nUZsZHFCS-RbQoTsz-7DM2fIOJwxY_7n2jMCE\" target=\"_blank\">@fablabiasi<\/a> for hosting our exhibition \/ the alternative posters done by the students of the \u201cG.M. Cantacuzino\u201d Faculty of Architecture, during the SF(a)2 workshop!<\/p>\n\n\n\n<p><strong>When:<\/strong> July 19 &#8211; ongoing<\/p>\n\n\n\n<p><strong>Where:<\/strong> FABLAB Ia\u0219i, 2nd floor, room 2. R\u00e2ndunic\u0103 no.2<\/p>\n\n\n\n<p>_<\/p>\n<\/div><\/div>\n\n\n\n<div class=\"wp-block-media-text is-stacked-on-mobile\"><figure class=\"wp-block-media-text__media\"><img loading=\"lazy\" decoding=\"async\" width=\"724\" height=\"1024\" src=\"http:\/\/sf-a.org\/wp-content\/uploads\/2023\/07\/sfa_2023_roundtable-724x1024.webp\" alt=\"SF(a)_society. film. architecture season2\" class=\"wp-image-473 size-full\" srcset=\"https:\/\/sf-a.org\/wp-content\/uploads\/2023\/07\/sfa_2023_roundtable-724x1024.webp 724w, https:\/\/sf-a.org\/wp-content\/uploads\/2023\/07\/sfa_2023_roundtable-212x300.webp 212w, https:\/\/sf-a.org\/wp-content\/uploads\/2023\/07\/sfa_2023_roundtable-768x1087.webp 768w, https:\/\/sf-a.org\/wp-content\/uploads\/2023\/07\/sfa_2023_roundtable.webp 1048w\" sizes=\"auto, (max-width: 724px) 100vw, 724px\" \/><\/figure><div class=\"wp-block-media-text__content\">\n<div class=\"wp-block-group is-vertical is-layout-flex wp-container-core-group-is-layout-fe9cc265 wp-block-group-is-layout-flex\">\n<p>_<\/p>\n\n\n\n<p>SF(a) season 2 <strong>Exposition &amp; Round table<\/strong><\/p>\n\n\n\n<p><strong>When:<\/strong> July 3rd 2023<\/p>\n\n\n\n<p><strong>Where:<\/strong> &#8220;G.M. Cantacuzino&#8221; Faculty of Architecture, Ia\u0219i. inner courtyard<\/p>\n\n\n\n<p><strong>Who: <\/strong><\/p>\n\n\n\n<p>Tania Hapurne, dean of &#8220;G.M. Cantacuzino&#8221; Faculty of Architecture, Ia\u0219i; Nely V\u00een\u0103u, Tiberiu Teodor-Stanciu, R\u0103zvan Nica;  Vlad Enculescu, Adrian Mironescu, Oana Stanciu<\/p>\n\n\n\n<p> 60+ students <\/p>\n\n\n\n<p>_<\/p>\n<\/div>\n<\/div><\/div>\n","protected":false},"excerpt":{"rendered":"<p>The SF(a) workshop embraces the concept of &#8220;together&#8221; in all its facets, therefore acknowledging the importance of collective unity. In the realm of cinema, individuals from many disciplines, including students, tutors, architects, designers, artists, engineers, and photographers, engage in a collective exploration, analysis, and exchange of ideas. Within this shared space, they engage in activities [&hellip;]<\/p>\n","protected":false},"author":1,"featured_media":0,"parent":0,"menu_order":0,"comment_status":"closed","ping_status":"closed","template":"","meta":{"footnotes":""},"class_list":["post-676","page","type-page","status-publish","hentry"],"blocksy_meta":[],"_links":{"self":[{"href":"https:\/\/sf-a.org\/index.php\/wp-json\/wp\/v2\/pages\/676","targetHints":{"allow":["GET"]}}],"collection":[{"href":"https:\/\/sf-a.org\/index.php\/wp-json\/wp\/v2\/pages"}],"about":[{"href":"https:\/\/sf-a.org\/index.php\/wp-json\/wp\/v2\/types\/page"}],"author":[{"embeddable":true,"href":"https:\/\/sf-a.org\/index.php\/wp-json\/wp\/v2\/users\/1"}],"replies":[{"embeddable":true,"href":"https:\/\/sf-a.org\/index.php\/wp-json\/wp\/v2\/comments?post=676"}],"version-history":[{"count":14,"href":"https:\/\/sf-a.org\/index.php\/wp-json\/wp\/v2\/pages\/676\/revisions"}],"predecessor-version":[{"id":991,"href":"https:\/\/sf-a.org\/index.php\/wp-json\/wp\/v2\/pages\/676\/revisions\/991"}],"wp:attachment":[{"href":"https:\/\/sf-a.org\/index.php\/wp-json\/wp\/v2\/media?parent=676"}],"curies":[{"name":"wp","href":"https:\/\/api.w.org\/{rel}","templated":true}]}}