{"id":623,"date":"2024-07-26T16:02:03","date_gmt":"2024-07-26T15:02:03","guid":{"rendered":"https:\/\/sf-a.org\/?page_id=623"},"modified":"2024-07-26T16:02:03","modified_gmt":"2024-07-26T15:02:03","slug":"season-3-of-the-sfasociety-film-architecture-is-on","status":"publish","type":"page","link":"https:\/\/sf-a.org\/index.php\/season-3-of-the-sfasociety-film-architecture-is-on\/","title":{"rendered":"Season 3 of the SF(a)Society. Film. Architecture is ON"},"content":{"rendered":"\n<p>\u2795We are starting season 3 of the SF(a)Society.Film.Architecture project (workshop + public lectures)<\/p>\n\n\n\n<p>\u2795Student or Graduate, Architect or Artist, Philologist or Philosopher, or simply passionate about film, architecture and illustration, you are welcome to the SF(a)3 workshop.<br>\u2716\ufe0farchitecture, cinematography and illustration workshop<br>with <strong>Nely<\/strong> V\u00een\u0103u [moviebuff] <strong>Tiberiu<\/strong> Teodor-Stanciu [graphic design guru] &amp; <strong>R\u0103zvan<\/strong> Nica [some kind of architect] and guests Dan <strong>Perjovschi<\/strong>, Dana <strong>Vais<\/strong>, Viola <strong>Ruhse<\/strong>, Anca <strong>Horvath<\/strong>, Emanuela <strong>Ilie<\/strong>, Matei <strong>Bejenaru<\/strong>, Radu <strong>Cucuteanu<\/strong>, Silviu <strong>Teodor- Stanciu<\/strong>, Cristina <strong>Tudora<\/strong>, Gabriel <strong>Tudora<\/strong>, Adrian <strong>Mironescu<\/strong>, Ramona <strong>Costea<\/strong><br>\u2795 together<br>SF(a) Workshop: Society. Movie. Architecture celebrates, in all its dimensions, the idea of \u200b\u200b&#8221;togetherness&#8221;. Students, teachers, architects, designers, artists, engineers, photographers view, discover, discuss, argue, learn, work, debate, evaluate, augment and enhance together a sensitive and personal universe whose only access is film.<br>\u2795 Registrations can be made between June 17 and 24 by filling out this <a href=\"https:\/\/docs.google.com\/forms\/d\/e\/1FAIpQLSdotcTN10rynBglcAvDoEubjF4eUrjmjCBfSX1eR_XH1KgJUQ\/viewform?usp=share_link\">form<\/a>.<br>\u2714\ufe0fAll lectures are open to the public!<\/p>\n\n\n\n<p>\u2714\ufe0fOrganizers: OAR Ia\u0219i and the <a href=\"https:\/\/altplusa.org\">ALT+A Association<\/a><br>\u2714\ufe0fPartners: FABLAB IA\u0218I, National Museum of Romanian Literature Ia\u0219i &#8211; &#8220;Vasile Pogor&#8221; Museum, ASAI, Atelier Spre, Faculty of Architecture &#8220;G.M. Cantacuzino&#8221; (TUIASI) and the Faculty of Visual Arts and Design (UNAGE Iasi)<\/p>\n\n\n\n<p>\u2714\ufe0f Coordinators: Nely V\u00een\u0103u, <a href=\"https:\/\/www.instagram.com\/atelierspre\/\">Tiberiu Teodor-Stanciu<\/a> &amp; <a href=\"https:\/\/www.instagram.com\/rzvn.nica\/\">R\u0103zvan Nica<\/a><\/p>\n\n\n\n<p>\u2714\ufe0fSF(a) 3 is supported by Romanian Order of Architects through the Architecture Stamp.<br>\u2716\ufe0fWe are waiting for you!<\/p>\n\n\n\n<p><strong>SCRIPT<\/strong><\/p>\n\n\n\n<figure class=\"wp-block-gallery has-nested-images columns-2 is-cropped wp-block-gallery-1 is-layout-flex wp-block-gallery-is-layout-flex\">\n<figure class=\"wp-block-image size-large\"><a href=\"https:\/\/sf-a.org\/wp-content\/uploads\/2024\/07\/SFa_3_script1_1.webp\"><img loading=\"lazy\" decoding=\"async\" width=\"1024\" height=\"1024\" data-id=\"624\" src=\"https:\/\/sf-a.org\/wp-content\/uploads\/2024\/07\/SFa_3_script1_1-1024x1024.webp\" alt=\"\" class=\"wp-image-624\" srcset=\"https:\/\/sf-a.org\/wp-content\/uploads\/2024\/07\/SFa_3_script1_1-1024x1024.webp 1024w, https:\/\/sf-a.org\/wp-content\/uploads\/2024\/07\/SFa_3_script1_1-300x300.webp 300w, https:\/\/sf-a.org\/wp-content\/uploads\/2024\/07\/SFa_3_script1_1-150x150.webp 150w, https:\/\/sf-a.org\/wp-content\/uploads\/2024\/07\/SFa_3_script1_1-768x768.webp 768w, https:\/\/sf-a.org\/wp-content\/uploads\/2024\/07\/SFa_3_script1_1-640x640.webp 640w, https:\/\/sf-a.org\/wp-content\/uploads\/2024\/07\/SFa_3_script1_1-100x100.webp 100w, https:\/\/sf-a.org\/wp-content\/uploads\/2024\/07\/SFa_3_script1_1-50x50.webp 50w, https:\/\/sf-a.org\/wp-content\/uploads\/2024\/07\/SFa_3_script1_1.webp 1080w\" sizes=\"auto, (max-width: 1024px) 100vw, 1024px\" \/><\/a><\/figure>\n\n\n\n<figure class=\"wp-block-image size-large\"><a href=\"https:\/\/sf-a.org\/wp-content\/uploads\/2024\/07\/SFa_3_script1_2.webp\"><img loading=\"lazy\" decoding=\"async\" width=\"1024\" height=\"1024\" data-id=\"626\" src=\"https:\/\/sf-a.org\/wp-content\/uploads\/2024\/07\/SFa_3_script1_2-1024x1024.webp\" alt=\"\" class=\"wp-image-626\" srcset=\"https:\/\/sf-a.org\/wp-content\/uploads\/2024\/07\/SFa_3_script1_2-1024x1024.webp 1024w, https:\/\/sf-a.org\/wp-content\/uploads\/2024\/07\/SFa_3_script1_2-300x300.webp 300w, https:\/\/sf-a.org\/wp-content\/uploads\/2024\/07\/SFa_3_script1_2-150x150.webp 150w, https:\/\/sf-a.org\/wp-content\/uploads\/2024\/07\/SFa_3_script1_2-768x768.webp 768w, https:\/\/sf-a.org\/wp-content\/uploads\/2024\/07\/SFa_3_script1_2-640x640.webp 640w, https:\/\/sf-a.org\/wp-content\/uploads\/2024\/07\/SFa_3_script1_2-100x100.webp 100w, https:\/\/sf-a.org\/wp-content\/uploads\/2024\/07\/SFa_3_script1_2-50x50.webp 50w, https:\/\/sf-a.org\/wp-content\/uploads\/2024\/07\/SFa_3_script1_2.webp 1080w\" sizes=\"auto, (max-width: 1024px) 100vw, 1024px\" \/><\/a><\/figure>\n\n\n\n<figure class=\"wp-block-image size-large\"><a href=\"https:\/\/sf-a.org\/wp-content\/uploads\/2024\/07\/SFa_3_script1_3.webp\"><img loading=\"lazy\" decoding=\"async\" width=\"1024\" height=\"1024\" data-id=\"625\" src=\"https:\/\/sf-a.org\/wp-content\/uploads\/2024\/07\/SFa_3_script1_3-1024x1024.webp\" alt=\"\" class=\"wp-image-625\" srcset=\"https:\/\/sf-a.org\/wp-content\/uploads\/2024\/07\/SFa_3_script1_3-1024x1024.webp 1024w, https:\/\/sf-a.org\/wp-content\/uploads\/2024\/07\/SFa_3_script1_3-300x300.webp 300w, https:\/\/sf-a.org\/wp-content\/uploads\/2024\/07\/SFa_3_script1_3-150x150.webp 150w, https:\/\/sf-a.org\/wp-content\/uploads\/2024\/07\/SFa_3_script1_3-768x768.webp 768w, https:\/\/sf-a.org\/wp-content\/uploads\/2024\/07\/SFa_3_script1_3-640x640.webp 640w, https:\/\/sf-a.org\/wp-content\/uploads\/2024\/07\/SFa_3_script1_3-100x100.webp 100w, https:\/\/sf-a.org\/wp-content\/uploads\/2024\/07\/SFa_3_script1_3-50x50.webp 50w, https:\/\/sf-a.org\/wp-content\/uploads\/2024\/07\/SFa_3_script1_3.webp 1080w\" sizes=\"auto, (max-width: 1024px) 100vw, 1024px\" \/><\/a><\/figure>\n<\/figure>\n\n\n\n<p>The SF(a) Season 3 <a href=\"https:\/\/altplusa.org\/sfa-societate-film-arhitectura-sezonul-3-script-regulament\/\">R<\/a>ULES on ALT+A website (Romanian version)<\/p>\n","protected":false},"excerpt":{"rendered":"<p>\u2795We are starting season 3 of the SF(a)Society.Film.Architecture project (workshop + public lectures) \u2795Student or Graduate, Architect or Artist, Philologist or Philosopher, or simply passionate about film, architecture and illustration, you are welcome to the SF(a)3 workshop.\u2716\ufe0farchitecture, cinematography and illustration workshopwith Nely V\u00een\u0103u [moviebuff] Tiberiu Teodor-Stanciu [graphic design guru] &amp; R\u0103zvan Nica [some kind of [&hellip;]<\/p>\n","protected":false},"author":1,"featured_media":0,"parent":0,"menu_order":0,"comment_status":"closed","ping_status":"closed","template":"","meta":{"footnotes":""},"class_list":["post-623","page","type-page","status-publish","hentry"],"blocksy_meta":[],"_links":{"self":[{"href":"https:\/\/sf-a.org\/index.php\/wp-json\/wp\/v2\/pages\/623","targetHints":{"allow":["GET"]}}],"collection":[{"href":"https:\/\/sf-a.org\/index.php\/wp-json\/wp\/v2\/pages"}],"about":[{"href":"https:\/\/sf-a.org\/index.php\/wp-json\/wp\/v2\/types\/page"}],"author":[{"embeddable":true,"href":"https:\/\/sf-a.org\/index.php\/wp-json\/wp\/v2\/users\/1"}],"replies":[{"embeddable":true,"href":"https:\/\/sf-a.org\/index.php\/wp-json\/wp\/v2\/comments?post=623"}],"version-history":[{"count":1,"href":"https:\/\/sf-a.org\/index.php\/wp-json\/wp\/v2\/pages\/623\/revisions"}],"predecessor-version":[{"id":628,"href":"https:\/\/sf-a.org\/index.php\/wp-json\/wp\/v2\/pages\/623\/revisions\/628"}],"wp:attachment":[{"href":"https:\/\/sf-a.org\/index.php\/wp-json\/wp\/v2\/media?parent=623"}],"curies":[{"name":"wp","href":"https:\/\/api.w.org\/{rel}","templated":true}]}}