{"id":29,"date":"2023-06-15T15:37:55","date_gmt":"2023-06-15T14:37:55","guid":{"rendered":"https:\/\/sf-a.org\/?page_id=29"},"modified":"2025-08-29T15:45:35","modified_gmt":"2025-08-29T14:45:35","slug":"team","status":"publish","type":"page","link":"https:\/\/sf-a.org\/index.php\/team\/","title":{"rendered":"Production team"},"content":{"rendered":"\n<div class=\"wp-block-media-text is-stacked-on-mobile\" style=\"grid-template-columns:16% auto\"><figure class=\"wp-block-media-text__media\"><img loading=\"lazy\" decoding=\"async\" width=\"959\" height=\"959\" src=\"http:\/\/sf-a.org\/wp-content\/uploads\/2023\/06\/sfa_Nely_Vinau.webp\" alt=\"\" class=\"wp-image-254 size-full\" srcset=\"https:\/\/sf-a.org\/wp-content\/uploads\/2023\/06\/sfa_Nely_Vinau.webp 959w, https:\/\/sf-a.org\/wp-content\/uploads\/2023\/06\/sfa_Nely_Vinau-300x300.webp 300w, https:\/\/sf-a.org\/wp-content\/uploads\/2023\/06\/sfa_Nely_Vinau-150x150.webp 150w, https:\/\/sf-a.org\/wp-content\/uploads\/2023\/06\/sfa_Nely_Vinau-768x768.webp 768w, https:\/\/sf-a.org\/wp-content\/uploads\/2023\/06\/sfa_Nely_Vinau-640x640.webp 640w, https:\/\/sf-a.org\/wp-content\/uploads\/2023\/06\/sfa_Nely_Vinau-50x50.webp 50w\" sizes=\"auto, (max-width: 959px) 100vw, 959px\" \/><\/figure><div class=\"wp-block-media-text__content\">\n<p><strong>Nely V\u00een\u0103u<\/strong>. Co-founder of the ALT+A Association and coordinator of&nbsp;<em>SF(a) \u2013 Society. Film. Architecture<\/em>, Nely V\u00een\u0103u is an architect and Teaching Assistant at the \u201cG.M. Cantacuzino\u201d Faculty of Architecture in Ia\u0219i. Her academic and cultural interests revolve around the intersections of architectural theory, dystopia, and cinematography. She is the author and co-author of several books and articles exploring the critical role of architecture in contemporary culture.<\/p>\n<\/div><\/div>\n\n\n\n<div class=\"wp-block-media-text is-stacked-on-mobile is-vertically-aligned-top\" style=\"grid-template-columns:16% auto\"><figure class=\"wp-block-media-text__media\"><img loading=\"lazy\" decoding=\"async\" width=\"960\" height=\"960\" src=\"http:\/\/sf-a.org\/wp-content\/uploads\/2023\/06\/sfa_Tiberiu-Teodor-Stanciu.webp\" alt=\"\" class=\"wp-image-256 size-full\" srcset=\"https:\/\/sf-a.org\/wp-content\/uploads\/2023\/06\/sfa_Tiberiu-Teodor-Stanciu.webp 960w, https:\/\/sf-a.org\/wp-content\/uploads\/2023\/06\/sfa_Tiberiu-Teodor-Stanciu-300x300.webp 300w, https:\/\/sf-a.org\/wp-content\/uploads\/2023\/06\/sfa_Tiberiu-Teodor-Stanciu-150x150.webp 150w, https:\/\/sf-a.org\/wp-content\/uploads\/2023\/06\/sfa_Tiberiu-Teodor-Stanciu-768x768.webp 768w, https:\/\/sf-a.org\/wp-content\/uploads\/2023\/06\/sfa_Tiberiu-Teodor-Stanciu-640x640.webp 640w, https:\/\/sf-a.org\/wp-content\/uploads\/2023\/06\/sfa_Tiberiu-Teodor-Stanciu-50x50.webp 50w\" sizes=\"auto, (max-width: 960px) 100vw, 960px\" \/><\/figure><div class=\"wp-block-media-text__content\">\n<div class=\"wp-block-group is-vertical is-layout-flex wp-container-core-group-is-layout-fe9cc265 wp-block-group-is-layout-flex\">\n<p><strong>Tiberiu Teodor-Stanciu<\/strong>. An architect driven by optimism and a strong passion for graphic design, wayfinding, and cultural memory, Tiberiu is the founder of Atelier Spre and Memorat. He has authored several books on the history of Ia\u0219i and is a Teaching Assistant at the \u201cG.M. Cantacuzino\u201d Faculty of Architecture. His work bridges historical research, visual storytelling, and design experimentation.<\/p>\n<\/div>\n<\/div><\/div>\n\n\n\n<div class=\"wp-block-media-text is-stacked-on-mobile is-vertically-aligned-top\" style=\"grid-template-columns:16% auto\"><figure class=\"wp-block-media-text__media\"><img loading=\"lazy\" decoding=\"async\" width=\"1024\" height=\"1024\" src=\"http:\/\/sf-a.org\/wp-content\/uploads\/2023\/06\/sfa_razvan-mircea-nica-1024x1024.webp\" alt=\"\" class=\"wp-image-255 size-full\" srcset=\"https:\/\/sf-a.org\/wp-content\/uploads\/2023\/06\/sfa_razvan-mircea-nica-1024x1024.webp 1024w, https:\/\/sf-a.org\/wp-content\/uploads\/2023\/06\/sfa_razvan-mircea-nica-300x300.webp 300w, https:\/\/sf-a.org\/wp-content\/uploads\/2023\/06\/sfa_razvan-mircea-nica-150x150.webp 150w, https:\/\/sf-a.org\/wp-content\/uploads\/2023\/06\/sfa_razvan-mircea-nica-768x768.webp 768w, https:\/\/sf-a.org\/wp-content\/uploads\/2023\/06\/sfa_razvan-mircea-nica-640x640.webp 640w, https:\/\/sf-a.org\/wp-content\/uploads\/2023\/06\/sfa_razvan-mircea-nica-50x50.webp 50w, https:\/\/sf-a.org\/wp-content\/uploads\/2023\/06\/sfa_razvan-mircea-nica.webp 1199w\" sizes=\"auto, (max-width: 1024px) 100vw, 1024px\" \/><\/figure><div class=\"wp-block-media-text__content\">\n<div class=\"wp-block-group is-vertical is-layout-flex wp-container-core-group-is-layout-fe9cc265 wp-block-group-is-layout-flex\">\n<p><strong>R\u0103zvan Mircea Nica<\/strong>. Associate Professor and Vice-Dean of the \u201cG.M. Cantacuzino\u201d Faculty of Architecture at the Technical University of Ia\u0219i, R\u0103zvan is the founder and curator of&nbsp;<em>ArchSynopsis<\/em>, a digital platform dedicated to interpretive drawings and non-hierarchical connections between architectural references. He is also co-founder of ALT+A, a cultural NGO fostering interdisciplinary experimentation across architecture, film, and the arts.<\/p>\n<\/div>\n<\/div><\/div>\n\n\n\n<h3 class=\"wp-block-heading\">Organisation &amp; Partnerships<\/h3>\n\n\n\n<p>Seasons 3 and 4 of\u00a0<em>SF(a) \u2013 Society. Film. Architecture<\/em>\u00a0were organised by the\u00a0<strong>Romanian Order of Architects \u2013 Ia\u0219i Branch (OAR Ia\u0219i)<\/strong>\u00a0and the\u00a0<strong>ALT+A Association<\/strong>. <\/p>\n\n\n\n<p>Seasons 3 &amp; 4 of this project were supported by the Romanian Order of Architects, from the Architectural Stamp Duty.<\/p>\n\n\n\n<figure class=\"wp-block-gallery has-nested-images columns-default is-cropped wp-block-gallery-1 is-layout-flex wp-block-gallery-is-layout-flex\">\n<figure class=\"wp-block-image size-large\"><img loading=\"lazy\" decoding=\"async\" width=\"1024\" height=\"536\" data-id=\"830\" src=\"https:\/\/sf-a.org\/wp-content\/uploads\/2025\/04\/SFa4_organizatori-1024x536.webp\" alt=\"\" class=\"wp-image-830\" srcset=\"https:\/\/sf-a.org\/wp-content\/uploads\/2025\/04\/SFa4_organizatori-1024x536.webp 1024w, https:\/\/sf-a.org\/wp-content\/uploads\/2025\/04\/SFa4_organizatori-300x157.webp 300w, https:\/\/sf-a.org\/wp-content\/uploads\/2025\/04\/SFa4_organizatori-768x402.webp 768w, https:\/\/sf-a.org\/wp-content\/uploads\/2025\/04\/SFa4_organizatori-1536x804.webp 1536w, https:\/\/sf-a.org\/wp-content\/uploads\/2025\/04\/SFa4_organizatori-1200x628.webp 1200w, https:\/\/sf-a.org\/wp-content\/uploads\/2025\/04\/SFa4_organizatori-560x293.webp 560w, https:\/\/sf-a.org\/wp-content\/uploads\/2025\/04\/SFa4_organizatori.webp 1920w\" sizes=\"auto, (max-width: 1024px) 100vw, 1024px\" \/><\/figure>\n\n\n\n<figure class=\"wp-block-image size-large\"><img loading=\"lazy\" decoding=\"async\" width=\"1024\" height=\"536\" data-id=\"829\" src=\"https:\/\/sf-a.org\/wp-content\/uploads\/2025\/04\/SFa4_timbru-1024x536.webp\" alt=\"\" class=\"wp-image-829\" srcset=\"https:\/\/sf-a.org\/wp-content\/uploads\/2025\/04\/SFa4_timbru-1024x536.webp 1024w, https:\/\/sf-a.org\/wp-content\/uploads\/2025\/04\/SFa4_timbru-300x157.webp 300w, https:\/\/sf-a.org\/wp-content\/uploads\/2025\/04\/SFa4_timbru-768x402.webp 768w, https:\/\/sf-a.org\/wp-content\/uploads\/2025\/04\/SFa4_timbru-1536x804.webp 1536w, https:\/\/sf-a.org\/wp-content\/uploads\/2025\/04\/SFa4_timbru-1200x628.webp 1200w, https:\/\/sf-a.org\/wp-content\/uploads\/2025\/04\/SFa4_timbru-560x293.webp 560w, https:\/\/sf-a.org\/wp-content\/uploads\/2025\/04\/SFa4_timbru.webp 1920w\" sizes=\"auto, (max-width: 1024px) 100vw, 1024px\" \/><\/figure>\n<\/figure>\n\n\n\n<p>Throughout its four editions, SF(a) has collaborated with a wide network of institutional and cultural partners, including:<\/p>\n\n\n\n<ul class=\"wp-block-list\">\n<li>\u201cG.M. Cantacuzino\u201d Faculty of Architecture, Technical University of Ia\u0219i (TUIASI)<\/li>\n\n\n\n<li>Faculty of Visual Arts and Design, \u201cGeorge Enescu\u201d National University of Arts, Ia\u0219i (UNAGE)<\/li>\n\n\n\n<li>\u201cVasile Pogor\u201d National Museum of Romanian Literature, Ia\u0219i<\/li>\n\n\n\n<li>FABLAB Ia\u0219i<\/li>\n\n\n\n<li>ASAI \u2013 Association of Architecture Students in Ia\u0219i<\/li>\n\n\n\n<li>Atelier Spre<\/li>\n\n\n\n<li>ZEPPELIN Magazine<\/li>\n\n\n\n<li>CIVICA Association<\/li>\n\n\n\n<li>CTP \u2013 Ia\u0219i Public Transport Company<\/li>\n\n\n\n<li>Colegiul de Art\u0103 \u201cOctav B\u0103ncil\u0103\u201d Ia\u0219i<\/li>\n\n\n\n<li>NegruZI&nbsp;(cultural space)<\/li>\n\n\n\n<li>ZBOR Ia\u0219i by BCR<\/li>\n\n\n\n<li>Cinema Arta, Cluj-Napoca<strong>\u00a0<\/strong>(itinerant exhibition host).<\/li>\n<\/ul>\n\n\n\n<h3 class=\"wp-block-heading\">The ALT+A Association<\/h3>\n\n\n\n<p>The&nbsp;<strong>ALT+A Association<\/strong>&nbsp;is a non-governmental, non-profit, independent, apolitical, and public-benefit organisation. Its mission is to promote education, research, cultural and artistic exchange, and social responsibility, with a particular focus on architecture, urban planning, and visual arts.<\/p>\n\n\n\n<p>Founded by architects&nbsp;<strong>Nely V\u00een\u0103u, Tiberiu Teodor-Stanciu, and R\u0103zvan Mircea Nica<\/strong>, ALT+A has, since 2022, been organising the&nbsp;<em>SF(a)<\/em>&nbsp;workshop and lecture series. This initiative uses science-fiction cinema as a shared reference point to question architecture and society. Each edition is structured around a cult film and its corresponding architectural paradigm:<\/p>\n\n\n\n<ul class=\"wp-block-list\">\n<li><em>Blade Runner<\/em>&nbsp;(Ridley Scott, 1982) \u2013 Postmodernism<\/li>\n\n\n\n<li><em>Metropolis<\/em>&nbsp;(Fritz Lang, 1927) \u2013 Modernism<\/li>\n\n\n\n<li><em>A Clockwork Orange<\/em>&nbsp;(Stanley Kubrick, 1971) \u2013 Brutalism<\/li>\n<\/ul>\n\n\n\n<p>Through these explorations, ALT+A and SF(a) create a cross-disciplinary platform constantly in search of&nbsp;<strong>new educational alternatives in architecture and the visual arts<\/strong>.<\/p>\n","protected":false},"excerpt":{"rendered":"<p>Nely V\u00een\u0103u. Co-founder of the ALT+A Association and coordinator of&nbsp;SF(a) \u2013 Society. Film. Architecture, Nely V\u00een\u0103u is an architect and Teaching Assistant at the \u201cG.M. Cantacuzino\u201d Faculty of Architecture in Ia\u0219i. Her academic and cultural interests revolve around the intersections of architectural theory, dystopia, and cinematography. She is the author and co-author of several books [&hellip;]<\/p>\n","protected":false},"author":1,"featured_media":0,"parent":0,"menu_order":0,"comment_status":"closed","ping_status":"closed","template":"","meta":{"footnotes":""},"class_list":["post-29","page","type-page","status-publish","hentry"],"blocksy_meta":[],"_links":{"self":[{"href":"https:\/\/sf-a.org\/index.php\/wp-json\/wp\/v2\/pages\/29","targetHints":{"allow":["GET"]}}],"collection":[{"href":"https:\/\/sf-a.org\/index.php\/wp-json\/wp\/v2\/pages"}],"about":[{"href":"https:\/\/sf-a.org\/index.php\/wp-json\/wp\/v2\/types\/page"}],"author":[{"embeddable":true,"href":"https:\/\/sf-a.org\/index.php\/wp-json\/wp\/v2\/users\/1"}],"replies":[{"embeddable":true,"href":"https:\/\/sf-a.org\/index.php\/wp-json\/wp\/v2\/comments?post=29"}],"version-history":[{"count":34,"href":"https:\/\/sf-a.org\/index.php\/wp-json\/wp\/v2\/pages\/29\/revisions"}],"predecessor-version":[{"id":988,"href":"https:\/\/sf-a.org\/index.php\/wp-json\/wp\/v2\/pages\/29\/revisions\/988"}],"wp:attachment":[{"href":"https:\/\/sf-a.org\/index.php\/wp-json\/wp\/v2\/media?parent=29"}],"curies":[{"name":"wp","href":"https:\/\/api.w.org\/{rel}","templated":true}]}}